{"id":30,"date":"2023-01-12T11:47:31","date_gmt":"2023-01-12T14:47:31","guid":{"rendered":"https:\/\/enterinsumos.enterchile.cl\/?page_id=30"},"modified":"2023-04-27T15:33:34","modified_gmt":"2023-04-27T19:33:34","slug":"comunicate-con-nosotros","status":"publish","type":"page","link":"https:\/\/enterinsumos.cl\/old-site\/comunicate-con-nosotros\/","title":{"rendered":"Comun\u00edcate con nosotros"},"content":{"rendered":"\n<h4 class=\"wp-block-heading has-text-align-center\">\u00bfTienes dudas, sugerencias o necesitas reclamar por algo que no te gust\u00f3?<br>Comun\u00edcate a trav\u00e9s de nuestros canales disponibles y te atenderemos con mucho gusto.<\/h4>\n\n\n\n<p><\/p>\n\n\n\n<p><\/p>\n\n\n\n<div class=\"wp-block-columns is-layout-flex wp-container-core-columns-is-layout-9d6595d7 wp-block-columns-is-layout-flex\">\n<div class=\"wp-block-column is-layout-flow wp-block-column-is-layout-flow\"><div class=\"wp-block-image\">\n<figure class=\"aligncenter size-full\"><img loading=\"lazy\" decoding=\"async\" width=\"150\" height=\"150\" src=\"https:\/\/enterinsumos.enterchile.cl\/wp-content\/uploads\/2023\/04\/icono-whatsapp-150x150-1.png\" alt=\"\" class=\"wp-image-1314\" srcset=\"https:\/\/enterinsumos.cl\/old-site\/wp-content\/uploads\/2023\/04\/icono-whatsapp-150x150-1.png 150w, https:\/\/enterinsumos.cl\/old-site\/wp-content\/uploads\/2023\/04\/icono-whatsapp-150x150-1-100x100.png 100w, https:\/\/enterinsumos.cl\/old-site\/wp-content\/uploads\/2023\/04\/icono-whatsapp-150x150-1-64x64.png 64w\" sizes=\"auto, (max-width: 150px) 100vw, 150px\" \/><\/figure>\n<\/div>\n\n\n<p class=\"has-text-align-center\"><strong>WhatsApp<br><\/strong>Env\u00edanos tus pedidos y consultas al<br>+569 3874 8730<br>o&nbsp;<a rel=\"noreferrer noopener\" href=\"https:\/\/api.whatsapp.com\/send?phone=56938748730\" target=\"_blank\">pinchando aqu\u00ed<\/a><\/p>\n<\/div>\n\n\n\n<div class=\"wp-block-column is-layout-flow wp-block-column-is-layout-flow\"><div class=\"wp-block-image\">\n<figure class=\"aligncenter size-full\"><img loading=\"lazy\" decoding=\"async\" width=\"150\" height=\"150\" src=\"https:\/\/enterinsumos.enterchile.cl\/wp-content\/uploads\/2023\/04\/icono-email-150x150-1.png\" alt=\"\" class=\"wp-image-1315\" srcset=\"https:\/\/enterinsumos.cl\/old-site\/wp-content\/uploads\/2023\/04\/icono-email-150x150-1.png 150w, https:\/\/enterinsumos.cl\/old-site\/wp-content\/uploads\/2023\/04\/icono-email-150x150-1-100x100.png 100w, https:\/\/enterinsumos.cl\/old-site\/wp-content\/uploads\/2023\/04\/icono-email-150x150-1-64x64.png 64w\" sizes=\"auto, (max-width: 150px) 100vw, 150px\" \/><\/figure>\n<\/div>\n\n\n<p class=\"has-text-align-center\"><strong>E-mail<\/strong><br>Para cotizaciones y pagos<br>puedes escribirnos a<br><a rel=\"noreferrer noopener\" href=\"mailto:insumosenter@gmail.com\" target=\"_blank\">ventas@enterinsumos.cl<\/a><\/p>\n<\/div>\n\n\n\n<div class=\"wp-block-column is-layout-flow wp-block-column-is-layout-flow\"><div class=\"wp-block-image\">\n<figure class=\"aligncenter size-full\"><img loading=\"lazy\" decoding=\"async\" width=\"150\" height=\"150\" src=\"https:\/\/enterinsumos.enterchile.cl\/wp-content\/uploads\/2023\/04\/icono-store-150x150-1.png\" alt=\"\" class=\"wp-image-1316\" srcset=\"https:\/\/enterinsumos.cl\/old-site\/wp-content\/uploads\/2023\/04\/icono-store-150x150-1.png 150w, https:\/\/enterinsumos.cl\/old-site\/wp-content\/uploads\/2023\/04\/icono-store-150x150-1-100x100.png 100w, https:\/\/enterinsumos.cl\/old-site\/wp-content\/uploads\/2023\/04\/icono-store-150x150-1-64x64.png 64w\" sizes=\"auto, (max-width: 150px) 100vw, 150px\" \/><\/figure>\n<\/div>\n\n\n<p class=\"has-text-align-center\"><strong>Nuestra Tienda<\/strong><br>Av. Gabriela Oriente 2290<br>Puente Alto, Santiago<br><a rel=\"noreferrer noopener\" href=\"https:\/\/www.google.cl\/maps\/place\/Sociedad+Comercial+Enter+Chile\/@-33.5754191,-70.5602046,17z\/data=!3m1!4b1!4m5!3m4!1s0x9662d6c46c16af61:0xc0b3575a0b416c41!8m2!3d-33.5754191!4d-70.5580159\" target=\"_blank\">Ver en Google Maps<\/a><\/p>\n<\/div>\n\n\n\n<div class=\"wp-block-column is-layout-flow wp-block-column-is-layout-flow\"><div class=\"wp-block-image\">\n<figure class=\"aligncenter size-full\"><img loading=\"lazy\" decoding=\"async\" width=\"150\" height=\"150\" src=\"https:\/\/enterinsumos.enterchile.cl\/wp-content\/uploads\/2023\/04\/icono-emoji-150x150-1.png\" alt=\"\" class=\"wp-image-1317\" srcset=\"https:\/\/enterinsumos.cl\/old-site\/wp-content\/uploads\/2023\/04\/icono-emoji-150x150-1.png 150w, https:\/\/enterinsumos.cl\/old-site\/wp-content\/uploads\/2023\/04\/icono-emoji-150x150-1-100x100.png 100w, https:\/\/enterinsumos.cl\/old-site\/wp-content\/uploads\/2023\/04\/icono-emoji-150x150-1-64x64.png 64w\" sizes=\"auto, (max-width: 150px) 100vw, 150px\" \/><\/figure>\n<\/div>\n\n\n<p class=\"has-text-align-center\"><strong>Reclamos<\/strong><br>Por favor canal\u00edzalo hacia <a rel=\"noreferrer noopener\" href=\"mailto:pbahamondes@enterinsumos.cl\" target=\"_blank\">pbahamondes@enterinsumos.cl<\/a> y te responder\u00e9 a la brevedad<\/p>\n<\/div>\n<\/div>\n\n\n<div class=\"wp-block-image\">\n<figure class=\"aligncenter size-full is-resized\"><img loading=\"lazy\" decoding=\"async\" src=\"https:\/\/enterinsumos.enterchile.cl\/wp-content\/uploads\/2023\/04\/contact-1.png\" alt=\"\" class=\"wp-image-1325\" width=\"500\" height=\"353\" srcset=\"https:\/\/enterinsumos.cl\/old-site\/wp-content\/uploads\/2023\/04\/contact-1.png 696w, https:\/\/enterinsumos.cl\/old-site\/wp-content\/uploads\/2023\/04\/contact-1-300x212.png 300w, https:\/\/enterinsumos.cl\/old-site\/wp-content\/uploads\/2023\/04\/contact-1-416x294.png 416w, https:\/\/enterinsumos.cl\/old-site\/wp-content\/uploads\/2023\/04\/contact-1-64x45.png 64w\" sizes=\"auto, (max-width: 500px) 100vw, 500px\" \/><\/figure>\n<\/div>","protected":false},"excerpt":{"rendered":"<p>\u00bfTienes dudas, sugerencias o necesitas reclamar por algo que no te gust\u00f3?Comun\u00edcate a trav\u00e9s de nuestros canales disponibles y te atenderemos con mucho gusto. WhatsAppEnv\u00edanos tus pedidos y consultas al+569 3874 8730o&nbsp;pinchando aqu\u00ed E-mailPara cotizaciones y pagospuedes escribirnos aventas@enterinsumos.cl Nuestra TiendaAv. Gabriela Oriente 2290Puente Alto, SantiagoVer en Google Maps ReclamosPor favor canal\u00edzalo hacia pbahamondes@enterinsumos.cl y [&hellip;]<\/p>\n","protected":false},"author":1,"featured_media":0,"parent":0,"menu_order":0,"comment_status":"closed","ping_status":"closed","template":"","meta":{"footnotes":""},"class_list":["post-30","page","type-page","status-publish","hentry"],"_links":{"self":[{"href":"https:\/\/enterinsumos.cl\/old-site\/wp-json\/wp\/v2\/pages\/30","targetHints":{"allow":["GET"]}}],"collection":[{"href":"https:\/\/enterinsumos.cl\/old-site\/wp-json\/wp\/v2\/pages"}],"about":[{"href":"https:\/\/enterinsumos.cl\/old-site\/wp-json\/wp\/v2\/types\/page"}],"author":[{"embeddable":true,"href":"https:\/\/enterinsumos.cl\/old-site\/wp-json\/wp\/v2\/users\/1"}],"replies":[{"embeddable":true,"href":"https:\/\/enterinsumos.cl\/old-site\/wp-json\/wp\/v2\/comments?post=30"}],"version-history":[{"count":23,"href":"https:\/\/enterinsumos.cl\/old-site\/wp-json\/wp\/v2\/pages\/30\/revisions"}],"predecessor-version":[{"id":1675,"href":"https:\/\/enterinsumos.cl\/old-site\/wp-json\/wp\/v2\/pages\/30\/revisions\/1675"}],"wp:attachment":[{"href":"https:\/\/enterinsumos.cl\/old-site\/wp-json\/wp\/v2\/media?parent=30"}],"curies":[{"name":"wp","href":"https:\/\/api.w.org\/{rel}","templated":true}]}}